{"id":16,"date":"2025-10-23T12:16:27","date_gmt":"2025-10-23T12:16:27","guid":{"rendered":"https:\/\/matpatriot.coompanion.eu\/?page_id=16"},"modified":"2025-10-27T14:11:51","modified_gmt":"2025-10-27T14:11:51","slug":"matpatriot","status":"publish","type":"page","link":"https:\/\/matpatriot.coompanion.eu\/","title":{"rendered":"Matpatriot"},"content":{"rendered":"\n<figure class=\"wp-block-image aligncenter size-full is-resized\" style=\"margin-top:var(--wp--preset--spacing--60);margin-bottom:var(--wp--preset--spacing--60)\"><img loading=\"lazy\" decoding=\"async\" width=\"500\" height=\"500\" src=\"https:\/\/matpatriot.coompanion.eu\/wp-content\/uploads\/2025\/10\/laddning-matpatriot.gif\" alt=\"\" class=\"wp-image-26\" style=\"width:165px;height:auto\"\/><\/figure>\n\n\n\n<h2 class=\"wp-block-heading has-text-align-center\">Vi tar fram ett nytt recept f\u00f6r matsystemet. Det kan ta lite tid. St\u00e4ng inte av matberedskapen under tiden!<\/h2>\n\n\n\n<div style=\"height:38px\" aria-hidden=\"true\" class=\"wp-block-spacer\"><\/div>\n\n\n\n<p class=\"has-text-align-center\">\u00c4r du en matpatriot? H\u00f6r av dig.<\/p>\n\n\n\n<div class=\"wp-block-buttons is-content-justification-center is-layout-flex wp-container-core-buttons-is-layout-a89b3969 wp-block-buttons-is-layout-flex\">\n<div class=\"wp-block-button\"><a class=\"wp-block-button__link wp-element-button\" href=\"mailto:tillsammans@matpatriot.nu\">Kontakta oss!<\/a><\/div>\n<\/div>\n","protected":false},"excerpt":{"rendered":"<p>Vi tar fram ett nytt recept f\u00f6r matsystemet. Det kan ta lite tid. St\u00e4ng inte av matberedskapen under tiden! \u00c4r du en matpatriot? H\u00f6r av dig.<\/p>\n","protected":false},"author":1,"featured_media":0,"parent":0,"menu_order":0,"comment_status":"closed","ping_status":"closed","template":"page-no-title","meta":{"footnotes":""},"class_list":["post-16","page","type-page","status-publish","hentry"],"_links":{"self":[{"href":"https:\/\/matpatriot.coompanion.eu\/index.php\/wp-json\/wp\/v2\/pages\/16","targetHints":{"allow":["GET"]}}],"collection":[{"href":"https:\/\/matpatriot.coompanion.eu\/index.php\/wp-json\/wp\/v2\/pages"}],"about":[{"href":"https:\/\/matpatriot.coompanion.eu\/index.php\/wp-json\/wp\/v2\/types\/page"}],"author":[{"embeddable":true,"href":"https:\/\/matpatriot.coompanion.eu\/index.php\/wp-json\/wp\/v2\/users\/1"}],"replies":[{"embeddable":true,"href":"https:\/\/matpatriot.coompanion.eu\/index.php\/wp-json\/wp\/v2\/comments?post=16"}],"version-history":[{"count":7,"href":"https:\/\/matpatriot.coompanion.eu\/index.php\/wp-json\/wp\/v2\/pages\/16\/revisions"}],"predecessor-version":[{"id":30,"href":"https:\/\/matpatriot.coompanion.eu\/index.php\/wp-json\/wp\/v2\/pages\/16\/revisions\/30"}],"wp:attachment":[{"href":"https:\/\/matpatriot.coompanion.eu\/index.php\/wp-json\/wp\/v2\/media?parent=16"}],"curies":[{"name":"wp","href":"https:\/\/api.w.org\/{rel}","templated":true}]}}